{"id":1961,"date":"2023-07-27T11:50:36","date_gmt":"2023-07-27T16:50:36","guid":{"rendered":"https:\/\/proyectosysolucionesti.com\/?page_id=1961"},"modified":"2023-07-27T11:50:36","modified_gmt":"2023-07-27T16:50:36","slug":"politica-de-privacidad-ayudando","status":"publish","type":"page","link":"https:\/\/proyectosysolucionesti.com\/index.php\/politica-de-privacidad-ayudando\/","title":{"rendered":"Pol\u00edtica de Privacidad Ayudando"},"content":{"rendered":"<div class=\"vc_row wpb_row vc_row-fluid bg-image-ps-inherit\"><div class=\"wpb_column vc_column_container vc_col-sm-12\"><div class=\"vc_column-inner\"><div class=\"wpb_wrapper\">\n\t<div  class=\"wpb_single_image wpb_content_element vc_align_center  inherit inherit\">\n\t\t\n\t\t<figure class=\"wpb_wrapper vc_figure\">\n\t\t\t<div class=\"vc_single_image-wrapper default  vc_box_border_grey\"><img loading=\"lazy\" decoding=\"async\" width=\"213\" height=\"213\" src=\"https:\/\/proyectosysolucionesti.com\/wp-content\/uploads\/2023\/07\/LogoFiscalizacionPolitica.fw_.png\" class=\"vc_single_image-img attachment-full\" alt=\"\" title=\"LogoFiscalizacionPolitica.fw\" srcset=\"https:\/\/proyectosysolucionesti.com\/wp-content\/uploads\/2023\/07\/LogoFiscalizacionPolitica.fw_.png 213w, https:\/\/proyectosysolucionesti.com\/wp-content\/uploads\/2023\/07\/LogoFiscalizacionPolitica.fw_-12x12.png 12w\" sizes=\"auto, (max-width: 213px) 100vw, 213px\" \/><\/div>\n\t\t<\/figure>\n\t<\/div>\n<\/div><\/div><\/div><\/div><div class=\"vc_row wpb_row vc_row-fluid bg-image-ps-inherit\"><div class=\"wpb_column vc_column_container vc_col-sm-12\"><div class=\"vc_column-inner\"><div class=\"wpb_wrapper\"><div id=\"ct-text-block-69f179ecedde2\" class=\"ct-text-block1   text-left  \" style=\"\">\n    <div class=\"ct-inline-css\"  data-css=\"\n                \">\n    <\/div>\n<p><strong>POL\u00cdTICA DE PRIVACIDAD PARA LA APP<\/strong><\/p>\n<p><strong>1. \u00bfCu\u00e1l es el objetivo de la aplicaci\u00f3n?<\/strong><br \/>\nEs un sistema de apoyo para el cumplimiento de la ley de transparencia (ley 1712 de 2014), las pol\u00edticas p\u00fablicas y de desarrollo administrativo (Decreto 2482 de 2012), teniendo en cuenta criterios requeridos por otras pol\u00edticas como Servicio al Ciudadano, Participaci\u00f3n Ciudadana, Rendici\u00f3n de Cuentas y Racionalizaci\u00f3n de Tr\u00e1mites para la adopci\u00f3n de los ejercicios de caracterizaci\u00f3n nacional, territorial y municipal.<\/p>\n<p><strong>2. \u00bfQui\u00e9n es el responsable de mi informaci\u00f3n?<\/strong><br \/>\nLas Entidades del Estado que requieran una herramienta tecnol\u00f3gica que permita la simplificaci\u00f3n, automatizaci\u00f3n y mejoramiento de la atenci\u00f3n, el acercamiento al ciudadano o entes de control bajo aspectos como la gesti\u00f3n misional y de gobierno, transparencia, participaci\u00f3n, servicio ciudadano y la eficiencia administrativa, mediante creaci\u00f3n de mecanismos de recolecci\u00f3n de informaci\u00f3n para la caracterizaci\u00f3n con la definici\u00f3n de los tipos de variables o categor\u00edas a estudiar y el nivel de profundidad o desagregaci\u00f3n de la informaci\u00f3n requerida, automatizar la informaci\u00f3n y establecer grupos o segmentos de ciudadanos, usuarios o interesados con caracter\u00edsticas similares.<\/p>\n<p><strong>3. \u00bfQu\u00e9 informaci\u00f3n se recoge?<\/strong><br \/>\nPrevia autorizaci\u00f3n por parte de los usuarios de la aplicaci\u00f3n, AYUDANDO accede a la informaci\u00f3n del tel\u00e9fono para:<\/p>\n<p>\u2022 Captura de informaci\u00f3n sobre la caracterizaci\u00f3n o entregas en zonas con problemas de conectividad con tecnolog\u00eda de captura de informaci\u00f3n offline y posterior sincronizaci\u00f3n online.<br \/>\n\u2022 Caracterizaci\u00f3n de los beneficiarios de acuerdo con las variables y niveles de desagregaci\u00f3n de la informaci\u00f3n que necesitas.<br \/>\n\u2022 Georreferenciaci\u00f3n del ciudadano, usuario o grupos de inter\u00e9s objetivo en la caracterizaci\u00f3n.<br \/>\n\u2022 Indicadores y reportes de cubrimiento de atenci\u00f3n para cada municipio.<br \/>\n\u2022 Evidencias de las entregas mediante fotogr\u00e1fico.<\/p>\n<p>Toda esta informaci\u00f3n se recoge con la autorizaci\u00f3n de los usuarios de la aplicaci\u00f3n.<\/p>\n<p><strong>4. \u00bfC\u00f3mo se presta o se retira el consentimiento?<\/strong><br \/>\nPara las finalidades que requieren el consentimiento, \u00e9ste se prestar\u00e1 al acceder a la App por primera vez, as\u00ed como a trav\u00e9s de la configuraci\u00f3n y opciones de privacidad de la App. Adem\u00e1s, en caso de que los usuarios deseen eliminar su informaci\u00f3n pueden desinstalar la App y toda la informaci\u00f3n quedar\u00e1 eliminada.<\/p>\n<p>Por \u00faltimo, y con respecto a los permisos de geolocalizaci\u00f3n espec\u00edfica, el usuario o la usuaria podr\u00e1 revocar el consentimiento prestado en su caso, a trav\u00e9s de la configuraci\u00f3n del sistema operativo de su dispositivo. Para m\u00e1s m\u00e1s informaci\u00f3n al respecto, se pueden consultar los siguientes enlaces:<br \/>\n\u2022 Android: https:\/\/support.google.com\/accounts\/answer\/6179507?hl=es<br \/>\n\u2022 IOS: https:\/\/support.apple.com\/es-es\/HT203033<\/p>\n<p><strong>5. \u00bfCu\u00e1nto tiempo se tratar\u00e1 mi informaci\u00f3n?<\/strong><br \/>\nLos datos de uso de la App ser\u00e1n tratados de forma activa mientras los usuarios ostenten la condici\u00f3n de usuario (a) de las App AYUDANDO, es decir, mientras no ejerza su derecho de supresi\u00f3n o ejerza el derecho de oposici\u00f3n o revoque el consentimiento para una finalidad concreta. En tal caso, la informaci\u00f3n no sensible an\u00f3nima ser\u00e1 asegurada de forma restringida a disposici\u00f3n de las autoridades competentes durante un plazo de 5 a\u00f1os para atender a las posibles responsabilidades derivadas del tratamiento de informaci\u00f3n.<\/p>\n<p><strong>6. \u00bfQu\u00e9 derechos tengo y c\u00f3mo puedo ejercerlos?<\/strong><br \/>\nEn todo momento los usuarios podr\u00e1n revocar su consentimiento y ejercer sus derechos de acceso, rectificaci\u00f3n, supresi\u00f3n, oposici\u00f3n, limitaci\u00f3n y portabilidad ante la RNM mediante correo postal o electr\u00f3nico a las direcciones indicadas, identific\u00e1ndose como usuario (a) de esta App. No obstante, teniendo en cuenta la naturaleza de la informaci\u00f3n que realmente se tiene sobre los usuarios (un c\u00f3digo no vinculado a otros datos que permitan su identificaci\u00f3n), algunos derechos no podr\u00e1n ejercerse si no se facilita determinada informaci\u00f3n t\u00e9cnica sobre el dispositivo del usuario (a). En caso de que el usuario o usuaria considere vulnerado su derecho a la protecci\u00f3n de datos, podr\u00e1 interponer una reclamaci\u00f3n ante la Delegatura para la Protecci\u00f3n de Datos Personales (www.sic.gov.co).<\/p>\n<p>\n<\/div><\/div><\/div><\/div><\/div>\n","protected":false},"excerpt":{"rendered":"POL\u00cdTICA DE PRIVACIDAD PARA LA APP 1. \u00bfCu\u00e1l es el objetivo de la aplicaci\u00f3n? Es un sistema de apoyo para el cumplimiento de la ley de transparencia (ley 1712 de 2014), las pol\u00edticas p\u00fablicas y de desarrollo administrativo (Decreto 2482 de 2012), teniendo en cuenta criterios requeridos por otras pol\u00edticas como Servicio al Ciudadano, Participaci\u00f3n [...]","protected":false},"author":1,"featured_media":0,"parent":0,"menu_order":0,"comment_status":"closed","ping_status":"closed","template":"","meta":{"footnotes":""},"class_list":["post-1961","page","type-page","status-publish","hentry"],"ams_acf":[],"jetpack-related-posts":[],"jetpack_sharing_enabled":true,"_links":{"self":[{"href":"https:\/\/proyectosysolucionesti.com\/index.php\/wp-json\/wp\/v2\/pages\/1961","targetHints":{"allow":["GET"]}}],"collection":[{"href":"https:\/\/proyectosysolucionesti.com\/index.php\/wp-json\/wp\/v2\/pages"}],"about":[{"href":"https:\/\/proyectosysolucionesti.com\/index.php\/wp-json\/wp\/v2\/types\/page"}],"author":[{"embeddable":true,"href":"https:\/\/proyectosysolucionesti.com\/index.php\/wp-json\/wp\/v2\/users\/1"}],"replies":[{"embeddable":true,"href":"https:\/\/proyectosysolucionesti.com\/index.php\/wp-json\/wp\/v2\/comments?post=1961"}],"version-history":[{"count":2,"href":"https:\/\/proyectosysolucionesti.com\/index.php\/wp-json\/wp\/v2\/pages\/1961\/revisions"}],"predecessor-version":[{"id":2036,"href":"https:\/\/proyectosysolucionesti.com\/index.php\/wp-json\/wp\/v2\/pages\/1961\/revisions\/2036"}],"wp:attachment":[{"href":"https:\/\/proyectosysolucionesti.com\/index.php\/wp-json\/wp\/v2\/media?parent=1961"}],"curies":[{"name":"wp","href":"https:\/\/api.w.org\/{rel}","templated":true}]}}